{"id":29,"date":"2024-10-31T13:09:32","date_gmt":"2024-10-31T12:09:32","guid":{"rendered":"https:\/\/urbanoba.es\/?page_id=29"},"modified":"2025-11-07T13:06:56","modified_gmt":"2025-11-07T12:06:56","slug":"contacto","status":"publish","type":"page","link":"https:\/\/urbanoba.es\/en\/contacto\/","title":{"rendered":"Contact"},"content":{"rendered":"\t\t<div data-elementor-type=\"wp-page\" data-elementor-id=\"29\" class=\"elementor elementor-29\" data-elementor-post-type=\"page\">\n\t\t\t\t<div class=\"elementor-element elementor-element-bc82264 e-flex e-con-boxed e-con e-parent\" data-id=\"bc82264\" data-element_type=\"container\" data-e-type=\"container\" data-settings=\"{&quot;background_background&quot;:&quot;classic&quot;}\">\n\t\t\t\t\t<div class=\"e-con-inner\">\n\t\t\t\t<div class=\"elementor-element elementor-element-7382299 elementor-widget__width-inherit elementor-widget elementor-widget-text-editor\" data-id=\"7382299\" data-element_type=\"widget\" data-e-type=\"widget\" data-widget_type=\"text-editor.default\">\n\t\t\t\t<div class=\"elementor-widget-container\">\n\t\t\t\t\t\t\t\t\t<p><a href=\"tel:924160261\"><strong>+34 924 160 261<\/strong><\/a><br \/><a href=\"mailto:inmobiliaria@urbanoba.es\">inmobiliaria@urbanoba.es<\/a><\/p>\t\t\t\t\t\t\t\t<\/div>\n\t\t\t\t<\/div>\n\t\t<div class=\"elementor-element elementor-element-3608b9f e-con-full e-flex e-con e-child\" data-id=\"3608b9f\" data-element_type=\"container\" data-e-type=\"container\">\n\t\t\t\t<div class=\"elementor-element elementor-element-b6ac65e elementor-widget__width-initial elementor-widget elementor-widget-image\" data-id=\"b6ac65e\" data-element_type=\"widget\" data-e-type=\"widget\" data-widget_type=\"image.default\">\n\t\t\t\t<div class=\"elementor-widget-container\">\n\t\t\t\t\t\t\t\t\t\t\t\t\t\t\t<img fetchpriority=\"high\" decoding=\"async\" width=\"618\" height=\"752\" src=\"https:\/\/urbanoba.es\/wp-content\/uploads\/2025\/01\/vendedor-de-casas.webp\" class=\"attachment-full size-full wp-image-680\" alt=\"vendedor de casas\" srcset=\"https:\/\/urbanoba.es\/wp-content\/uploads\/2025\/01\/vendedor-de-casas.webp 618w, https:\/\/urbanoba.es\/wp-content\/uploads\/2025\/01\/vendedor-de-casas-247x300.webp 247w\" sizes=\"(max-width: 618px) 100vw, 618px\" \/>\t\t\t\t\t\t\t\t\t\t\t\t\t\t\t<\/div>\n\t\t\t\t<\/div>\n\t\t\t\t<div class=\"elementor-element elementor-element-e2814cc elementor-widget__width-initial elementor-widget-mobile__width-inherit elementor-widget elementor-widget-text-editor\" data-id=\"e2814cc\" data-element_type=\"widget\" data-e-type=\"widget\" data-widget_type=\"text-editor.default\">\n\t\t\t\t<div class=\"elementor-widget-container\">\n\t\t\t\t\t\t\t\t\t<p><span style=\"color: var( --e-global-color-secondary ); text-align: var(--text-align); background-color: var( --e-global-color-ed14ac3 );\">En Urbanoba hacemos todo m\u00e1s f\u00e1cil para ti. Si deseas conocer el valor de tu vivienda o tienes cualquier consulta, escr\u00edbenos o ll\u00e1manos:<\/span><\/p>\t\t\t\t\t\t\t\t<\/div>\n\t\t\t\t<\/div>\n\t\t\t\t<\/div>\n\t\t\t\t<div class=\"elementor-element elementor-element-6f306e7 elementor-widget-mobile__width-initial elementor-widget elementor-widget-text-editor\" data-id=\"6f306e7\" data-element_type=\"widget\" data-e-type=\"widget\" data-widget_type=\"text-editor.default\">\n\t\t\t\t<div class=\"elementor-widget-container\">\n\t\t\t\t\t\t\t\t\t<p><strong>Lunes a jueves:\u00a0 \u00a0 \u00a0 \u00a0 \u00a0<\/strong>08:00 a 13:30 &#8211; 16:00 a 20:00<\/p><p><strong>Viernes:\u00a0<\/strong>\u00a0 \u00a0 \u00a0 \u00a0 \u00a0 \u00a0 \u00a0 \u00a0 \u00a0 \u00a0 \u00a0 \u00a0 \u00a009:00 \u2013 14:00<\/p>\t\t\t\t\t\t\t\t<\/div>\n\t\t\t\t<\/div>\n\t\t\t\t\t<\/div>\n\t\t\t\t<\/div>\n\t\t<div class=\"elementor-element elementor-element-832da8c e-flex e-con-boxed e-con e-parent\" data-id=\"832da8c\" data-element_type=\"container\" data-e-type=\"container\" data-settings=\"{&quot;background_background&quot;:&quot;classic&quot;}\">\n\t\t\t\t\t<div class=\"e-con-inner\">\n\t\t<div class=\"elementor-element elementor-element-5556803 e-con-full e-flex e-con e-child\" data-id=\"5556803\" data-element_type=\"container\" data-e-type=\"container\">\n\t\t\t\t<div class=\"elementor-element elementor-element-7d5763e elementor-widget elementor-widget-heading\" data-id=\"7d5763e\" data-element_type=\"widget\" data-e-type=\"widget\" data-widget_type=\"heading.default\">\n\t\t\t\t<div class=\"elementor-widget-container\">\n\t\t\t\t\t<h2 class=\"elementor-heading-title elementor-size-default\">\u00a1Estamos aqu\u00ed para lo que necesites!<\/h2>\t\t\t\t<\/div>\n\t\t\t\t<\/div>\n\t\t\t\t<div class=\"elementor-element elementor-element-1056bee elementor-widget elementor-widget-text-editor\" data-id=\"1056bee\" data-element_type=\"widget\" data-e-type=\"widget\" data-widget_type=\"text-editor.default\">\n\t\t\t\t<div class=\"elementor-widget-container\">\n\t\t\t\t\t\t\t\t\t<p>Dinos c\u00f3mo podemos ayudarte.<br \/><br \/>Al ser una inmobiliaria online, el contacto es m\u00e1s eficaz.<strong> Te respondemos en la menor brevedad posible.<\/strong><\/p>\t\t\t\t\t\t\t\t<\/div>\n\t\t\t\t<\/div>\n\t\t\t\t<\/div>\n\t\t\t\t<div class=\"elementor-element elementor-element-22ae224 olab-contact-form elementor-button-align-start elementor-widget__width-initial elementor-widget elementor-widget-form\" data-id=\"22ae224\" data-element_type=\"widget\" data-e-type=\"widget\" data-settings=\"{&quot;step_next_label&quot;:&quot;Siguiente&quot;,&quot;step_previous_label&quot;:&quot;Anterior&quot;,&quot;button_width&quot;:&quot;100&quot;,&quot;step_type&quot;:&quot;number_text&quot;,&quot;step_icon_shape&quot;:&quot;circle&quot;}\" data-widget_type=\"form.default\">\n\t\t\t\t<div class=\"elementor-widget-container\">\n\t\t\t\t\t\t\t<form class=\"elementor-form\" method=\"post\" name=\"Tasacion de vivienda\" aria-label=\"Tasacion de vivienda\">\n\t\t\t<input type=\"hidden\" name=\"post_id\" value=\"29\"\/>\n\t\t\t<input type=\"hidden\" name=\"form_id\" value=\"22ae224\"\/>\n\t\t\t<input type=\"hidden\" name=\"referer_title\" value=\"Urbanoba Inmobiliaria en Badajoz\" \/>\n\n\t\t\t\n\t\t\t<div class=\"elementor-form-fields-wrapper elementor-labels-above\">\n\t\t\t\t\t\t\t\t<div class=\"elementor-field-type-text elementor-field-group elementor-column elementor-field-group-name elementor-col-100\">\n\t\t\t\t\t\t\t\t\t\t\t\t<label for=\"form-field-name\" class=\"elementor-field-label\">\n\t\t\t\t\t\t\t\tTu nombre\t\t\t\t\t\t\t<\/label>\n\t\t\t\t\t\t\t\t\t\t\t\t\t\t<input size=\"1\" type=\"text\" name=\"form_fields[name]\" id=\"form-field-name\" class=\"elementor-field elementor-size-sm  elementor-field-textual\">\n\t\t\t\t\t\t\t\t\t\t\t<\/div>\n\t\t\t\t\t\t\t\t<div class=\"elementor-field-type-email elementor-field-group elementor-column elementor-field-group-email elementor-col-100 elementor-field-required elementor-mark-required\">\n\t\t\t\t\t\t\t\t\t\t\t\t<label for=\"form-field-email\" class=\"elementor-field-label\">\n\t\t\t\t\t\t\t\tTu Mail\t\t\t\t\t\t\t<\/label>\n\t\t\t\t\t\t\t\t\t\t\t\t\t\t<input size=\"1\" type=\"email\" name=\"form_fields[email]\" id=\"form-field-email\" class=\"elementor-field elementor-size-sm  elementor-field-textual\" required=\"required\">\n\t\t\t\t\t\t\t\t\t\t\t<\/div>\n\t\t\t\t\t\t\t\t<div class=\"elementor-field-type-textarea elementor-field-group elementor-column elementor-field-group-field_c50ba27 elementor-col-100 elementor-field-required elementor-mark-required\">\n\t\t\t\t\t\t\t\t\t\t\t\t<label for=\"form-field-field_c50ba27\" class=\"elementor-field-label\">\n\t\t\t\t\t\t\t\t\u00bfComo podemos ayudarte?\t\t\t\t\t\t\t<\/label>\n\t\t\t\t\t\t<textarea class=\"elementor-field-textual elementor-field  elementor-size-sm\" name=\"form_fields[field_c50ba27]\" id=\"form-field-field_c50ba27\" rows=\"4\" required=\"required\"><\/textarea>\t\t\t\t<\/div>\n\t\t\t\t\t\t\t\t<div class=\"elementor-field-type-text\">\n\t\t\t\t\t<input size=\"1\" type=\"text\" name=\"form_fields[field_8ad274f]\" id=\"form-field-field_8ad274f\" class=\"elementor-field elementor-size-sm \" style=\"display:none !important;\">\t\t\t\t<\/div>\n\t\t\t\t\t\t\t\t<div class=\"elementor-field-type-acceptance elementor-field-group elementor-column elementor-field-group-field_6e21b72 elementor-col-100 elementor-field-required elementor-mark-required\">\n\t\t\t\t\t\t\t<div class=\"elementor-field-subgroup\">\n\t\t\t<span class=\"elementor-field-option\">\n\t\t\t\t<input type=\"checkbox\" name=\"form_fields[field_6e21b72]\" id=\"form-field-field_6e21b72\" class=\"elementor-field elementor-size-sm  elementor-acceptance-field\" required=\"required\">\n\t\t\t\t<label for=\"form-field-field_6e21b72\">Acepto la <a style=\"font-weight: 700; text-decoration: underline;\" href=\"https:\/\/urbanoba.es\/politicas-privacidad\/\">pol\u00edtica de privacidad<\/a><\/label>\t\t\t<\/span>\n\t\t<\/div>\n\t\t\t\t\t\t<\/div>\n\t\t\t\t\t\t\t\t<div class=\"elementor-field-type-recaptcha_v3 elementor-field-group elementor-column elementor-field-group-field_b89f123 elementor-col-100 recaptcha_v3-bottomleft\">\n\t\t\t\t\t<div class=\"elementor-field\" id=\"form-field-field_b89f123\"><div class=\"elementor-g-recaptcha\" data-sitekey=\"6LeJ1scqAAAAAGLMqqOP4WfIeXWajrmcthloCk0j\" data-type=\"v3\" data-action=\"Form\" data-badge=\"bottomleft\" data-size=\"invisible\"><\/div><\/div>\t\t\t\t<\/div>\n\t\t\t\t\t\t\t\t<div class=\"elementor-field-group elementor-column elementor-field-type-submit elementor-col-100 e-form__buttons\">\n\t\t\t\t\t<button class=\"elementor-button elementor-size-sm\" type=\"submit\">\n\t\t\t\t\t\t<span class=\"elementor-button-content-wrapper\">\n\t\t\t\t\t\t\t\t\t\t\t\t\t\t\t\t\t\t\t\t\t\t<span class=\"elementor-button-text\">Enviar<\/span>\n\t\t\t\t\t\t\t\t\t\t\t\t\t<\/span>\n\t\t\t\t\t<\/button>\n\t\t\t\t<\/div>\n\t\t\t<\/div>\n\t\t<\/form>\n\t\t\t\t\t\t<\/div>\n\t\t\t\t<\/div>\n\t\t\t\t\t<\/div>\n\t\t\t\t<\/div>\n\t\t\t\t<\/div>\n\t\t","protected":false},"excerpt":{"rendered":"<p>+34 924 160 261inmobiliaria@urbanoba.es En Urbanoba hacemos todo m\u00e1s f\u00e1cil para ti. Si deseas conocer el valor de tu vivienda o tienes cualquier consulta, escr\u00edbenos o ll\u00e1manos: Lunes a jueves:\u00a0 \u00a0 \u00a0 \u00a0 \u00a008:00 a 13:30 &#8211; 16:00 a 20:00 Viernes:\u00a0\u00a0 \u00a0 \u00a0 \u00a0 \u00a0 \u00a0 \u00a0 \u00a0 \u00a0 \u00a0 \u00a0 \u00a0 \u00a009:00 \u2013 14:00 [&hellip;]<\/p>\n","protected":false},"author":2,"featured_media":680,"parent":0,"menu_order":0,"comment_status":"closed","ping_status":"closed","template":"","meta":{"footnotes":""},"class_list":["post-29","page","type-page","status-publish","has-post-thumbnail","hentry"],"yoast_head":"<!-- This site is optimized with the Yoast SEO plugin v27.4 - https:\/\/yoast.com\/product\/yoast-seo-wordpress\/ -->\n<title>Contacta con Urbanoba para vender o comprar tu casa | Urbanoba Inmobiliaria en Badajoz Inmobiliaria<\/title>\n<meta name=\"description\" content=\"\u00bfQuieres comprar o vender una casa en Badajoz? Contacta con Urbanoba y recibe asesoramiento personalizado. Estamos aqu\u00ed para ayudarte.\" \/>\n<meta name=\"robots\" content=\"index, follow, max-snippet:-1, max-image-preview:large, max-video-preview:-1\" \/>\n<link rel=\"canonical\" href=\"https:\/\/urbanoba.es\/en\/contacto\/\" \/>\n<meta property=\"og:locale\" content=\"en_GB\" \/>\n<meta property=\"og:type\" content=\"article\" \/>\n<meta property=\"og:title\" content=\"Contacta con Urbanoba para vender o comprar tu casa | Urbanoba Inmobiliaria en Badajoz Inmobiliaria\" \/>\n<meta property=\"og:description\" content=\"\u00bfQuieres comprar o vender una casa en Badajoz? Contacta con Urbanoba y recibe asesoramiento personalizado. Estamos aqu\u00ed para ayudarte.\" \/>\n<meta property=\"og:url\" content=\"https:\/\/urbanoba.es\/en\/contacto\/\" \/>\n<meta property=\"og:site_name\" content=\"Urbanoba Inmobiliaria en Badajoz\" \/>\n<meta property=\"article:modified_time\" content=\"2025-11-07T12:06:56+00:00\" \/>\n<meta property=\"og:image\" content=\"https:\/\/urbanoba.es\/wp-content\/uploads\/2025\/01\/vendedor-de-casas.webp\" \/>\n\t<meta property=\"og:image:width\" content=\"618\" \/>\n\t<meta property=\"og:image:height\" content=\"752\" \/>\n\t<meta property=\"og:image:type\" content=\"image\/webp\" \/>\n<meta name=\"twitter:card\" content=\"summary_large_image\" \/>\n<meta name=\"twitter:label1\" content=\"Estimated reading time\" \/>\n\t<meta name=\"twitter:data1\" content=\"1 minute\" \/>\n<script type=\"application\/ld+json\" class=\"yoast-schema-graph\">{\"@context\":\"https:\\\/\\\/schema.org\",\"@graph\":[{\"@type\":\"WebPage\",\"@id\":\"https:\\\/\\\/urbanoba.es\\\/contacto\\\/\",\"url\":\"https:\\\/\\\/urbanoba.es\\\/contacto\\\/\",\"name\":\"Contacta con Urbanoba para vender o comprar tu casa | Urbanoba Inmobiliaria en Badajoz Inmobiliaria\",\"isPartOf\":{\"@id\":\"https:\\\/\\\/urbanoba.es\\\/#website\"},\"primaryImageOfPage\":{\"@id\":\"https:\\\/\\\/urbanoba.es\\\/contacto\\\/#primaryimage\"},\"image\":{\"@id\":\"https:\\\/\\\/urbanoba.es\\\/contacto\\\/#primaryimage\"},\"thumbnailUrl\":\"https:\\\/\\\/urbanoba.es\\\/wp-content\\\/uploads\\\/2025\\\/01\\\/vendedor-de-casas.webp\",\"datePublished\":\"2024-10-31T12:09:32+00:00\",\"dateModified\":\"2025-11-07T12:06:56+00:00\",\"description\":\"\u00bfQuieres comprar o vender una casa en Badajoz? Contacta con Urbanoba y recibe asesoramiento personalizado. Estamos aqu\u00ed para ayudarte.\",\"breadcrumb\":{\"@id\":\"https:\\\/\\\/urbanoba.es\\\/contacto\\\/#breadcrumb\"},\"inLanguage\":\"en-GB\",\"potentialAction\":[{\"@type\":\"ReadAction\",\"target\":[\"https:\\\/\\\/urbanoba.es\\\/contacto\\\/\"]}]},{\"@type\":\"ImageObject\",\"inLanguage\":\"en-GB\",\"@id\":\"https:\\\/\\\/urbanoba.es\\\/contacto\\\/#primaryimage\",\"url\":\"https:\\\/\\\/urbanoba.es\\\/wp-content\\\/uploads\\\/2025\\\/01\\\/vendedor-de-casas.webp\",\"contentUrl\":\"https:\\\/\\\/urbanoba.es\\\/wp-content\\\/uploads\\\/2025\\\/01\\\/vendedor-de-casas.webp\",\"width\":618,\"height\":752,\"caption\":\"vendedor de casas\"},{\"@type\":\"BreadcrumbList\",\"@id\":\"https:\\\/\\\/urbanoba.es\\\/contacto\\\/#breadcrumb\",\"itemListElement\":[{\"@type\":\"ListItem\",\"position\":1,\"name\":\"Portada\",\"item\":\"https:\\\/\\\/urbanoba.es\\\/\"},{\"@type\":\"ListItem\",\"position\":2,\"name\":\"Contacto\"}]},{\"@type\":\"WebSite\",\"@id\":\"https:\\\/\\\/urbanoba.es\\\/#website\",\"url\":\"https:\\\/\\\/urbanoba.es\\\/\",\"name\":\"Urbanoba Inmobiliaria\",\"description\":\"Urbanoba Inmobiliaria en Badajoz\",\"publisher\":{\"@id\":\"https:\\\/\\\/urbanoba.es\\\/#organization\"},\"alternateName\":\"Urbanoba Inmobiliaria en Badajoz\",\"potentialAction\":[{\"@type\":\"SearchAction\",\"target\":{\"@type\":\"EntryPoint\",\"urlTemplate\":\"https:\\\/\\\/urbanoba.es\\\/?s={search_term_string}\"},\"query-input\":{\"@type\":\"PropertyValueSpecification\",\"valueRequired\":true,\"valueName\":\"search_term_string\"}}],\"inLanguage\":\"en-GB\"},{\"@type\":\"Organization\",\"@id\":\"https:\\\/\\\/urbanoba.es\\\/#organization\",\"name\":\"Urbanoba Inmobiliaria\",\"alternateName\":\"Urbanoba Inmobiliaria en Badajoz\",\"url\":\"https:\\\/\\\/urbanoba.es\\\/\",\"logo\":{\"@type\":\"ImageObject\",\"inLanguage\":\"en-GB\",\"@id\":\"https:\\\/\\\/urbanoba.es\\\/#\\\/schema\\\/logo\\\/image\\\/\",\"url\":\"https:\\\/\\\/urbanoba.es\\\/wp-content\\\/uploads\\\/2025\\\/03\\\/urbanoba-inmobiliaria.jpg\",\"contentUrl\":\"https:\\\/\\\/urbanoba.es\\\/wp-content\\\/uploads\\\/2025\\\/03\\\/urbanoba-inmobiliaria.jpg\",\"width\":785,\"height\":831,\"caption\":\"Urbanoba Inmobiliaria\"},\"image\":{\"@id\":\"https:\\\/\\\/urbanoba.es\\\/#\\\/schema\\\/logo\\\/image\\\/\"}}]}<\/script>\n<!-- \/ Yoast SEO plugin. -->","yoast_head_json":{"title":"Contacta con Urbanoba para vender o comprar tu casa | Urbanoba Inmobiliaria en Badajoz Inmobiliaria","description":"\u00bfQuieres comprar o vender una casa en Badajoz? Contacta con Urbanoba y recibe asesoramiento personalizado. Estamos aqu\u00ed para ayudarte.","robots":{"index":"index","follow":"follow","max-snippet":"max-snippet:-1","max-image-preview":"max-image-preview:large","max-video-preview":"max-video-preview:-1"},"canonical":"https:\/\/urbanoba.es\/en\/contacto\/","og_locale":"en_GB","og_type":"article","og_title":"Contacta con Urbanoba para vender o comprar tu casa | Urbanoba Inmobiliaria en Badajoz Inmobiliaria","og_description":"\u00bfQuieres comprar o vender una casa en Badajoz? Contacta con Urbanoba y recibe asesoramiento personalizado. Estamos aqu\u00ed para ayudarte.","og_url":"https:\/\/urbanoba.es\/en\/contacto\/","og_site_name":"Urbanoba Inmobiliaria en Badajoz","article_modified_time":"2025-11-07T12:06:56+00:00","og_image":[{"width":618,"height":752,"url":"https:\/\/urbanoba.es\/wp-content\/uploads\/2025\/01\/vendedor-de-casas.webp","type":"image\/webp"}],"twitter_card":"summary_large_image","twitter_misc":{"Estimated reading time":"1 minute"},"schema":{"@context":"https:\/\/schema.org","@graph":[{"@type":"WebPage","@id":"https:\/\/urbanoba.es\/contacto\/","url":"https:\/\/urbanoba.es\/contacto\/","name":"Contacta con Urbanoba para vender o comprar tu casa | Urbanoba Inmobiliaria en Badajoz Inmobiliaria","isPartOf":{"@id":"https:\/\/urbanoba.es\/#website"},"primaryImageOfPage":{"@id":"https:\/\/urbanoba.es\/contacto\/#primaryimage"},"image":{"@id":"https:\/\/urbanoba.es\/contacto\/#primaryimage"},"thumbnailUrl":"https:\/\/urbanoba.es\/wp-content\/uploads\/2025\/01\/vendedor-de-casas.webp","datePublished":"2024-10-31T12:09:32+00:00","dateModified":"2025-11-07T12:06:56+00:00","description":"\u00bfQuieres comprar o vender una casa en Badajoz? Contacta con Urbanoba y recibe asesoramiento personalizado. Estamos aqu\u00ed para ayudarte.","breadcrumb":{"@id":"https:\/\/urbanoba.es\/contacto\/#breadcrumb"},"inLanguage":"en-GB","potentialAction":[{"@type":"ReadAction","target":["https:\/\/urbanoba.es\/contacto\/"]}]},{"@type":"ImageObject","inLanguage":"en-GB","@id":"https:\/\/urbanoba.es\/contacto\/#primaryimage","url":"https:\/\/urbanoba.es\/wp-content\/uploads\/2025\/01\/vendedor-de-casas.webp","contentUrl":"https:\/\/urbanoba.es\/wp-content\/uploads\/2025\/01\/vendedor-de-casas.webp","width":618,"height":752,"caption":"vendedor de casas"},{"@type":"BreadcrumbList","@id":"https:\/\/urbanoba.es\/contacto\/#breadcrumb","itemListElement":[{"@type":"ListItem","position":1,"name":"Portada","item":"https:\/\/urbanoba.es\/"},{"@type":"ListItem","position":2,"name":"Contacto"}]},{"@type":"WebSite","@id":"https:\/\/urbanoba.es\/#website","url":"https:\/\/urbanoba.es\/","name":"Urbanoba Real Estate","description":"Urbanoba Inmobiliaria en Badajoz","publisher":{"@id":"https:\/\/urbanoba.es\/#organization"},"alternateName":"Urbanoba Inmobiliaria en Badajoz","potentialAction":[{"@type":"SearchAction","target":{"@type":"EntryPoint","urlTemplate":"https:\/\/urbanoba.es\/?s={search_term_string}"},"query-input":{"@type":"PropertyValueSpecification","valueRequired":true,"valueName":"search_term_string"}}],"inLanguage":"en-GB"},{"@type":"Organization","@id":"https:\/\/urbanoba.es\/#organization","name":"Urbanoba Real Estate","alternateName":"Urbanoba Inmobiliaria en Badajoz","url":"https:\/\/urbanoba.es\/","logo":{"@type":"ImageObject","inLanguage":"en-GB","@id":"https:\/\/urbanoba.es\/#\/schema\/logo\/image\/","url":"https:\/\/urbanoba.es\/wp-content\/uploads\/2025\/03\/urbanoba-inmobiliaria.jpg","contentUrl":"https:\/\/urbanoba.es\/wp-content\/uploads\/2025\/03\/urbanoba-inmobiliaria.jpg","width":785,"height":831,"caption":"Urbanoba Inmobiliaria"},"image":{"@id":"https:\/\/urbanoba.es\/#\/schema\/logo\/image\/"}}]}},"_links":{"self":[{"href":"https:\/\/urbanoba.es\/en\/wp-json\/wp\/v2\/pages\/29","targetHints":{"allow":["GET"]}}],"collection":[{"href":"https:\/\/urbanoba.es\/en\/wp-json\/wp\/v2\/pages"}],"about":[{"href":"https:\/\/urbanoba.es\/en\/wp-json\/wp\/v2\/types\/page"}],"author":[{"embeddable":true,"href":"https:\/\/urbanoba.es\/en\/wp-json\/wp\/v2\/users\/2"}],"replies":[{"embeddable":true,"href":"https:\/\/urbanoba.es\/en\/wp-json\/wp\/v2\/comments?post=29"}],"version-history":[{"count":57,"href":"https:\/\/urbanoba.es\/en\/wp-json\/wp\/v2\/pages\/29\/revisions"}],"predecessor-version":[{"id":1268,"href":"https:\/\/urbanoba.es\/en\/wp-json\/wp\/v2\/pages\/29\/revisions\/1268"}],"wp:featuredmedia":[{"embeddable":true,"href":"https:\/\/urbanoba.es\/en\/wp-json\/wp\/v2\/media\/680"}],"wp:attachment":[{"href":"https:\/\/urbanoba.es\/en\/wp-json\/wp\/v2\/media?parent=29"}],"curies":[{"name":"wp","href":"https:\/\/api.w.org\/{rel}","templated":true}]}}