{"id":190,"date":"2024-11-04T11:26:07","date_gmt":"2024-11-04T10:26:07","guid":{"rendered":"https:\/\/urbanoba.es\/?page_id=190"},"modified":"2025-03-26T13:47:24","modified_gmt":"2025-03-26T12:47:24","slug":"aviso-legal","status":"publish","type":"page","link":"https:\/\/urbanoba.es\/en\/aviso-legal\/","title":{"rendered":"Legal notice"},"content":{"rendered":"<div data-elementor-type=\"wp-page\" data-elementor-id=\"190\" class=\"elementor elementor-190\" data-elementor-post-type=\"page\">\n\t\t\t\t<div class=\"elementor-element elementor-element-98cb8eb e-flex e-con-boxed e-con e-parent\" data-id=\"98cb8eb\" data-element_type=\"container\" data-e-type=\"container\">\n\t\t\t\t\t<div class=\"e-con-inner\">\n\t\t<div class=\"elementor-element elementor-element-f9262f9 e-flex e-con-boxed e-con e-child\" data-id=\"f9262f9\" data-element_type=\"container\" data-e-type=\"container\">\n\t\t\t\t\t<div class=\"e-con-inner\">\n\t\t\t\t<div class=\"elementor-element elementor-element-c24a714 elementor-widget__width-initial elementor-widget elementor-widget-heading\" data-id=\"c24a714\" data-element_type=\"widget\" data-e-type=\"widget\" data-widget_type=\"heading.default\">\n\t\t\t\t<div class=\"elementor-widget-container\">\n\t\t\t\t\t<h2 class=\"elementor-heading-title elementor-size-default\">LEGAL NOTICE<\/h2>\t\t\t\t<\/div>\n\t\t\t\t<\/div>\n\t\t\t\t<div class=\"elementor-element elementor-element-1368705 elementor-widget__width-inherit elementor-widget elementor-widget-heading\" data-id=\"1368705\" data-element_type=\"widget\" data-e-type=\"widget\" data-widget_type=\"heading.default\">\n\t\t\t\t<div class=\"elementor-widget-container\">\n\t\t\t\t\t<h2 class=\"elementor-heading-title elementor-size-default\">I. GENERAL INFORMATION<\/h2>\t\t\t\t<\/div>\n\t\t\t\t<\/div>\n\t\t\t\t<div class=\"elementor-element elementor-element-9155d48 elementor-widget__width-initial elementor-widget elementor-widget-text-editor\" data-id=\"9155d48\" data-element_type=\"widget\" data-e-type=\"widget\" data-widget_type=\"text-editor.default\">\n\t\t\t\t<div class=\"elementor-widget-container\">\n\t\t\t\t\t\t\t\t\t<p>In compliance with the duty of information provided in Law 34\/2002 on Information Society Services and Electronic Commerce (LSSI-CE) of July 11, the following general information about this website is provided below:<\/p><p>The ownership of this website, www.urbanoba.es, (hereinafter, Website) is held by: , provided with NIF: B06760979 and registered in: with the following registration details: , whose representative is: URBANOBA, and whose contact details are:<\/p><p>Address: CALLE GASPAR MENDEZ 17, Badajoz, 06011<\/p><p>Contact phone number: 924 160 261<\/p><p>Contact email: inmobiliaria@urbanoba.es<\/p>\t\t\t\t\t\t\t\t<\/div>\n\t\t\t\t<\/div>\n\t\t\t\t<div class=\"elementor-element elementor-element-762e2be elementor-widget__width-inherit elementor-widget elementor-widget-heading\" data-id=\"762e2be\" data-element_type=\"widget\" data-e-type=\"widget\" data-widget_type=\"heading.default\">\n\t\t\t\t<div class=\"elementor-widget-container\">\n\t\t\t\t\t<h2 class=\"elementor-heading-title elementor-size-default\">II. GENERAL TERMS AND CONDITIONS OF USE<\/h2>\t\t\t\t<\/div>\n\t\t\t\t<\/div>\n\t\t\t\t<div class=\"elementor-element elementor-element-ad0ac89 elementor-widget__width-initial elementor-widget elementor-widget-text-editor\" data-id=\"ad0ac89\" data-element_type=\"widget\" data-e-type=\"widget\" data-widget_type=\"text-editor.default\">\n\t\t\t\t<div class=\"elementor-widget-container\">\n\t\t\t\t\t\t\t\t\t<p><b>The object of the conditions: The Website<\/b><\/p><p>The purpose of these General Conditions of Use (hereinafter, Conditions) is to regulate access to and use of the Website. For the purposes of these Conditions, the Website shall be understood as: the external appearance of the screen interfaces, both statically and dynamically, that is, the navigation tree; and all the elements integrated both in the screen interfaces and in the navigation tree (hereinafter, Contents) and all those services or online resources that it may offer to Users (hereinafter, Services).<\/p><p>Urbanoba reserves the right to modify, at any time and without prior notice, the presentation and configuration of the Website and the Contents and Services that may be incorporated therein. The User acknowledges and accepts that Urbanoba may at any time interrupt, deactivate and\/or cancel any of these elements that are integrated into the Website or access to them.<\/p><p>Access to the Website by the User is free of charge and, as a general rule, is free of charge without the User having to provide any compensation to be able to enjoy it, except for the cost of connection through the telecommunications network provided by the access provider contracted by the User.<\/p><p>The use of the Contents does not require prior subscription or registration.<\/p><p><b>The User<\/b><\/p><p>Access, navigation and use of the Website, as well as the spaces enabled for interaction between Users, and the User and Urbanoba, such as comments and\/or blogging spaces, confers the status of User, and therefore, from the start of navigation on the Website, all the Conditions established herein are accepted, as well as any subsequent modifications, without prejudice to the application of the corresponding legal regulations of mandatory compliance as the case may be. Given the relevance of the above, the User is recommended to read them each time they visit the Website.<\/p><p>The Urbanoba Website provides a wide variety of information, services and data. The User assumes responsibility for making correct use of the Website. This responsibility shall extend to:<\/p><ul><li>Use of the information, Content and\/or Services and data offered by Urbanoba that is not contrary to the provisions of these Conditions, the Law, morality or public order, or that in any other way may result in injury to the rights of third parties or the operation of the Website itself.<\/li><li>The veracity and legality of the information provided by the User in the forms provided by Urbanoba for access to certain Content or Services offered by the Website. In any case, the User shall immediately notify Urbanoba of any event that allows the improper use of the information recorded in said forms, such as, but not limited to, theft, loss, or unauthorized access to identifiers and\/or passwords, in order to proceed with their immediate cancellation.<\/li><\/ul><p>In any case, Urbanoba will not be responsible for the opinions expressed by Users through comments or other blogging or participation tools that may exist.<\/p><p>Mere access to this Website does not imply establishing any type of commercial relationship between Urbanoba and the User.<\/p><p>Always in compliance with current legislation, this Urbanoba Website is aimed at all people, regardless of their age, who can access and\/or browse the pages of the Website.<\/p><p>The Website is primarily aimed at Users residing in Spain. Urbanoba does not guarantee that the Website complies with the laws of other countries, either in whole or in part. If the User resides or has his\/her domicile in another place and decides to access and\/or browse the Website, he\/she will do so under his\/her own responsibility and must ensure that such access and browsing complies with the local legislation applicable to him\/her, with Urbanoba assuming no responsibility that may arise from such access.<\/p>\t\t\t\t\t\t\t\t<\/div>\n\t\t\t\t<\/div>\n\t\t\t\t<div class=\"elementor-element elementor-element-a7922cf elementor-widget__width-inherit elementor-widget elementor-widget-heading\" data-id=\"a7922cf\" data-element_type=\"widget\" data-e-type=\"widget\" data-widget_type=\"heading.default\">\n\t\t\t\t<div class=\"elementor-widget-container\">\n\t\t\t\t\t<h2 class=\"elementor-heading-title elementor-size-default\">III. ACCESS AND NAVIGATION ON THE WEBSITE: EXCLUSION OF WARRANTIES AND LIABILITY<\/h2>\t\t\t\t<\/div>\n\t\t\t\t<\/div>\n\t\t\t\t<div class=\"elementor-element elementor-element-721e80f elementor-widget__width-initial elementor-widget elementor-widget-text-editor\" data-id=\"721e80f\" data-element_type=\"widget\" data-e-type=\"widget\" data-widget_type=\"text-editor.default\">\n\t\t\t\t<div class=\"elementor-widget-container\">\n\t\t\t\t\t\t\t\t\t<p>Urbanoba does not guarantee the continuity, availability and usefulness of the Website, or of the Contents or Services. Urbanoba will do everything possible to ensure the proper functioning of the Website, however, it is not responsible for and does not guarantee that access to this Website will not be interrupted or error-free.<\/p><p>Nor does Urbanoba assume any responsibility or guarantee that the content or software that may be accessed through this Website is error-free or causes damage to the User&#039;s computer system (software and hardware). Under no circumstances will Urbanoba be liable for any loss, damage or harm of any kind arising from access, browsing and use of the Website, including, but not limited to, those caused to computer systems or those caused by the introduction of viruses.<\/p><p>Urbanoba is not responsible for any damage that may be caused to users due to inappropriate use of this Website. In particular, it is not responsible in any way for any failures, interruptions, lack or defect in telecommunications that may occur.<\/p>\t\t\t\t\t\t\t\t<\/div>\n\t\t\t\t<\/div>\n\t\t\t\t<div class=\"elementor-element elementor-element-01aa21a elementor-widget__width-inherit elementor-widget elementor-widget-heading\" data-id=\"01aa21a\" data-element_type=\"widget\" data-e-type=\"widget\" data-widget_type=\"heading.default\">\n\t\t\t\t<div class=\"elementor-widget-container\">\n\t\t\t\t\t<h2 class=\"elementor-heading-title elementor-size-default\">IV. LINKING POLICY<\/h2>\t\t\t\t<\/div>\n\t\t\t\t<\/div>\n\t\t\t\t<div class=\"elementor-element elementor-element-0594fae elementor-widget__width-initial elementor-widget elementor-widget-text-editor\" data-id=\"0594fae\" data-element_type=\"widget\" data-e-type=\"widget\" data-widget_type=\"text-editor.default\">\n\t\t\t\t<div class=\"elementor-widget-container\">\n\t\t\t\t\t\t\t\t\t<p>Urbanoba does not offer or market, either itself or through third parties, the products and\/or services available on said linked sites.<\/p><p>The User or third party who creates a hyperlink from a web page of another, different, website to the Urbanoba Website must know that:<\/p><p>Reproduction \u2013 in whole or in part \u2013 of any of the Contents and\/or Services of the Website is not permitted without the express authorization of Urbanoba.<\/p><p>Any false, inaccurate or incorrect statement regarding the Urbanoba Website, or its Contents and\/or Services, is also not permitted.<\/p><p>With the exception of the hyperlink, the website on which said hyperlink is established will not contain any element of this Website protected as intellectual property by the Spanish legal system, unless expressly authorized by Urbanoba.<\/p><p>The establishment of the hyperlink will not imply the existence of relations between Urbanoba and the owner of the website from which it is made, nor the knowledge and acceptance by Urbanoba of the contents, services and\/or activities offered on said website, and vice versa.<\/p>\t\t\t\t\t\t\t\t<\/div>\n\t\t\t\t<\/div>\n\t\t\t\t<div class=\"elementor-element elementor-element-cd9c559 elementor-widget__width-inherit elementor-widget elementor-widget-heading\" data-id=\"cd9c559\" data-element_type=\"widget\" data-e-type=\"widget\" data-widget_type=\"heading.default\">\n\t\t\t\t<div class=\"elementor-widget-container\">\n\t\t\t\t\t<h2 class=\"elementor-heading-title elementor-size-default\">V. INTELLECTUAL AND INDUSTRIAL PROPERTY<\/h2>\t\t\t\t<\/div>\n\t\t\t\t<\/div>\n\t\t\t\t<div class=\"elementor-element elementor-element-66e1fd5 elementor-widget__width-initial elementor-widget elementor-widget-text-editor\" data-id=\"66e1fd5\" data-element_type=\"widget\" data-e-type=\"widget\" data-widget_type=\"text-editor.default\">\n\t\t\t\t<div class=\"elementor-widget-container\">\n\t\t\t\t\t\t\t\t\t<p>Urbanoba, by itself or as an assignee, is the owner of all intellectual and industrial property rights of the Website, as well as the elements contained therein (by way of example and not exhaustive, images, sound, audio, video, software or texts, brands or logos, colour combinations, structure and design, selection of materials used, computer programs necessary for its operation, access and use, etc.). They will therefore be works protected as intellectual property by the Spanish legal system, and both Spanish and European regulations in this field will be applicable to them, as well as international treaties relating to the subject matter and signed by Spain.<\/p><p>All rights reserved. Pursuant to the provisions of the Intellectual Property Law, the reproduction, distribution and public communication, including the method of making available, of all or part of the contents of this website, for commercial purposes, on any medium and by any technical means, without the authorization of Urbanoba, is expressly prohibited.<\/p><p>The User undertakes to respect the intellectual and industrial property rights of Urbanoba. The User may view the elements of the Website or even print, copy and store them on the hard drive of his\/her computer or any other physical medium, provided that this is exclusively for his\/her personal use. The User, however, may not delete, alter or manipulate any protection device or security system installed on the Website.<\/p><p>In the event that the User or a third party considers that any of the Contents of the Website constitutes a violation of intellectual property rights, they must immediately notify Urbanoba using the contact details in the GENERAL INFORMATION section of this Legal Notice and General Conditions of Use.<\/p>\t\t\t\t\t\t\t\t<\/div>\n\t\t\t\t<\/div>\n\t\t\t\t<div class=\"elementor-element elementor-element-9e35a26 elementor-widget__width-inherit elementor-widget elementor-widget-heading\" data-id=\"9e35a26\" data-element_type=\"widget\" data-e-type=\"widget\" data-widget_type=\"heading.default\">\n\t\t\t\t<div class=\"elementor-widget-container\">\n\t\t\t\t\t<h2 class=\"elementor-heading-title elementor-size-default\">VI. LEGAL ACTIONS, APPLICABLE LEGISLATION AND JURISDICTION<\/h2>\t\t\t\t<\/div>\n\t\t\t\t<\/div>\n\t\t\t\t<div class=\"elementor-element elementor-element-b398e09 elementor-widget__width-initial elementor-widget elementor-widget-text-editor\" data-id=\"b398e09\" data-element_type=\"widget\" data-e-type=\"widget\" data-widget_type=\"text-editor.default\">\n\t\t\t\t<div class=\"elementor-widget-container\">\n\t\t\t\t\t\t\t\t\t<p>Urbanoba reserves the right to file any civil or criminal actions it deems necessary for improper use of the Website and Contents, or for failure to comply with these Conditions.<\/p><p>The relationship between the User and Urbanoba shall be governed by the regulations in force and applicable in Spanish territory. If any dispute arises in relation to the interpretation and\/or application of these Conditions, the parties shall submit their conflicts to the ordinary jurisdiction, submitting to the judges and courts that correspond according to law.<\/p><p>This Legal Notice and General Conditions of Use of the website document has been created using the online legal notice and general conditions of use template generator on 07\/16\/2021.<\/p>\t\t\t\t\t\t\t\t<\/div>\n\t\t\t\t<\/div>\n\t\t\t\t\t<\/div>\n\t\t\t\t<\/div>\n\t\t\t\t\t<\/div>\n\t\t\t\t<\/div>\n\t\t\t\t<\/div>","protected":false},"excerpt":{"rendered":"<p>AVISO LEGAL I. INFORMACI\u00d3N GENERAL En cumplimiento con el deber de informaci\u00f3n dispuesto en la Ley 34\/2002 de Servicios de la Sociedad de la Informaci\u00f3n y el Comercio Electr\u00f3nico (LSSI-CE) de 11 de julio, se facilitan a continuaci\u00f3n los siguientes datos de informaci\u00f3n general de este sitio web: La titularidad de este sitio web, www.urbanoba.es, [&hellip;]<\/p>\n","protected":false},"author":2,"featured_media":0,"parent":0,"menu_order":0,"comment_status":"closed","ping_status":"closed","template":"","meta":{"footnotes":""},"class_list":["post-190","page","type-page","status-publish","hentry"],"yoast_head":"<!-- This site is optimized with the Yoast SEO plugin v27.4 - https:\/\/yoast.com\/product\/yoast-seo-wordpress\/ -->\n<title>Aviso legal | Urbanoba Inmobiliaria en Badajoz<\/title>\n<meta name=\"robots\" content=\"noindex, nofollow\" \/>\n<meta property=\"og:locale\" content=\"en_GB\" \/>\n<meta property=\"og:type\" content=\"article\" \/>\n<meta property=\"og:title\" content=\"Aviso legal | Urbanoba Inmobiliaria en Badajoz\" \/>\n<meta property=\"og:description\" content=\"AVISO LEGAL I. INFORMACI\u00d3N GENERAL En cumplimiento con el deber de informaci\u00f3n dispuesto en la Ley 34\/2002 de Servicios de la Sociedad de la Informaci\u00f3n y el Comercio Electr\u00f3nico (LSSI-CE) de 11 de julio, se facilitan a continuaci\u00f3n los siguientes datos de informaci\u00f3n general de este sitio web: La titularidad de este sitio web, www.urbanoba.es, [&hellip;]\" \/>\n<meta property=\"og:url\" content=\"https:\/\/urbanoba.es\/en\/aviso-legal\/\" \/>\n<meta property=\"og:site_name\" content=\"Urbanoba Inmobiliaria en Badajoz\" \/>\n<meta property=\"article:modified_time\" content=\"2025-03-26T12:47:24+00:00\" \/>\n<meta property=\"og:image\" content=\"https:\/\/urbanoba.es\/wp-content\/uploads\/2025\/03\/urbanoba-inmobiliaria.jpg\" \/>\n\t<meta property=\"og:image:width\" content=\"785\" \/>\n\t<meta property=\"og:image:height\" content=\"831\" \/>\n\t<meta property=\"og:image:type\" content=\"image\/jpeg\" \/>\n<meta name=\"twitter:card\" content=\"summary_large_image\" \/>\n<meta name=\"twitter:label1\" content=\"Estimated reading time\" \/>\n\t<meta name=\"twitter:data1\" content=\"8 minutes\" \/>\n<script type=\"application\/ld+json\" class=\"yoast-schema-graph\">{\"@context\":\"https:\\\/\\\/schema.org\",\"@graph\":[{\"@type\":\"WebPage\",\"@id\":\"https:\\\/\\\/urbanoba.es\\\/aviso-legal\\\/\",\"url\":\"https:\\\/\\\/urbanoba.es\\\/aviso-legal\\\/\",\"name\":\"Aviso legal | Urbanoba Inmobiliaria en Badajoz\",\"isPartOf\":{\"@id\":\"https:\\\/\\\/urbanoba.es\\\/#website\"},\"datePublished\":\"2024-11-04T10:26:07+00:00\",\"dateModified\":\"2025-03-26T12:47:24+00:00\",\"breadcrumb\":{\"@id\":\"https:\\\/\\\/urbanoba.es\\\/aviso-legal\\\/#breadcrumb\"},\"inLanguage\":\"en-GB\",\"potentialAction\":[{\"@type\":\"ReadAction\",\"target\":[\"https:\\\/\\\/urbanoba.es\\\/aviso-legal\\\/\"]}]},{\"@type\":\"BreadcrumbList\",\"@id\":\"https:\\\/\\\/urbanoba.es\\\/aviso-legal\\\/#breadcrumb\",\"itemListElement\":[{\"@type\":\"ListItem\",\"position\":1,\"name\":\"Portada\",\"item\":\"https:\\\/\\\/urbanoba.es\\\/\"},{\"@type\":\"ListItem\",\"position\":2,\"name\":\"Aviso legal\"}]},{\"@type\":\"WebSite\",\"@id\":\"https:\\\/\\\/urbanoba.es\\\/#website\",\"url\":\"https:\\\/\\\/urbanoba.es\\\/\",\"name\":\"Urbanoba Inmobiliaria\",\"description\":\"Urbanoba Inmobiliaria en Badajoz\",\"publisher\":{\"@id\":\"https:\\\/\\\/urbanoba.es\\\/#organization\"},\"alternateName\":\"Urbanoba Inmobiliaria en Badajoz\",\"potentialAction\":[{\"@type\":\"SearchAction\",\"target\":{\"@type\":\"EntryPoint\",\"urlTemplate\":\"https:\\\/\\\/urbanoba.es\\\/?s={search_term_string}\"},\"query-input\":{\"@type\":\"PropertyValueSpecification\",\"valueRequired\":true,\"valueName\":\"search_term_string\"}}],\"inLanguage\":\"en-GB\"},{\"@type\":\"Organization\",\"@id\":\"https:\\\/\\\/urbanoba.es\\\/#organization\",\"name\":\"Urbanoba Inmobiliaria\",\"alternateName\":\"Urbanoba Inmobiliaria en Badajoz\",\"url\":\"https:\\\/\\\/urbanoba.es\\\/\",\"logo\":{\"@type\":\"ImageObject\",\"inLanguage\":\"en-GB\",\"@id\":\"https:\\\/\\\/urbanoba.es\\\/#\\\/schema\\\/logo\\\/image\\\/\",\"url\":\"https:\\\/\\\/urbanoba.es\\\/wp-content\\\/uploads\\\/2025\\\/03\\\/urbanoba-inmobiliaria.jpg\",\"contentUrl\":\"https:\\\/\\\/urbanoba.es\\\/wp-content\\\/uploads\\\/2025\\\/03\\\/urbanoba-inmobiliaria.jpg\",\"width\":785,\"height\":831,\"caption\":\"Urbanoba Inmobiliaria\"},\"image\":{\"@id\":\"https:\\\/\\\/urbanoba.es\\\/#\\\/schema\\\/logo\\\/image\\\/\"}}]}<\/script>\n<!-- \/ Yoast SEO plugin. -->","yoast_head_json":{"title":"Aviso legal | Urbanoba Inmobiliaria en Badajoz","robots":{"index":"noindex","follow":"nofollow"},"og_locale":"en_GB","og_type":"article","og_title":"Aviso legal | Urbanoba Inmobiliaria en Badajoz","og_description":"AVISO LEGAL I. INFORMACI\u00d3N GENERAL En cumplimiento con el deber de informaci\u00f3n dispuesto en la Ley 34\/2002 de Servicios de la Sociedad de la Informaci\u00f3n y el Comercio Electr\u00f3nico (LSSI-CE) de 11 de julio, se facilitan a continuaci\u00f3n los siguientes datos de informaci\u00f3n general de este sitio web: La titularidad de este sitio web, www.urbanoba.es, [&hellip;]","og_url":"https:\/\/urbanoba.es\/en\/aviso-legal\/","og_site_name":"Urbanoba Inmobiliaria en Badajoz","article_modified_time":"2025-03-26T12:47:24+00:00","og_image":[{"width":785,"height":831,"url":"https:\/\/urbanoba.es\/wp-content\/uploads\/2025\/03\/urbanoba-inmobiliaria.jpg","type":"image\/jpeg"}],"twitter_card":"summary_large_image","twitter_misc":{"Estimated reading time":"8 minutes"},"schema":{"@context":"https:\/\/schema.org","@graph":[{"@type":"WebPage","@id":"https:\/\/urbanoba.es\/aviso-legal\/","url":"https:\/\/urbanoba.es\/aviso-legal\/","name":"Aviso legal | Urbanoba Inmobiliaria en Badajoz","isPartOf":{"@id":"https:\/\/urbanoba.es\/#website"},"datePublished":"2024-11-04T10:26:07+00:00","dateModified":"2025-03-26T12:47:24+00:00","breadcrumb":{"@id":"https:\/\/urbanoba.es\/aviso-legal\/#breadcrumb"},"inLanguage":"en-GB","potentialAction":[{"@type":"ReadAction","target":["https:\/\/urbanoba.es\/aviso-legal\/"]}]},{"@type":"BreadcrumbList","@id":"https:\/\/urbanoba.es\/aviso-legal\/#breadcrumb","itemListElement":[{"@type":"ListItem","position":1,"name":"Portada","item":"https:\/\/urbanoba.es\/"},{"@type":"ListItem","position":2,"name":"Aviso legal"}]},{"@type":"WebSite","@id":"https:\/\/urbanoba.es\/#website","url":"https:\/\/urbanoba.es\/","name":"Urbanoba Real Estate","description":"Urbanoba Inmobiliaria en Badajoz","publisher":{"@id":"https:\/\/urbanoba.es\/#organization"},"alternateName":"Urbanoba Inmobiliaria en Badajoz","potentialAction":[{"@type":"SearchAction","target":{"@type":"EntryPoint","urlTemplate":"https:\/\/urbanoba.es\/?s={search_term_string}"},"query-input":{"@type":"PropertyValueSpecification","valueRequired":true,"valueName":"search_term_string"}}],"inLanguage":"en-GB"},{"@type":"Organization","@id":"https:\/\/urbanoba.es\/#organization","name":"Urbanoba Real Estate","alternateName":"Urbanoba Inmobiliaria en Badajoz","url":"https:\/\/urbanoba.es\/","logo":{"@type":"ImageObject","inLanguage":"en-GB","@id":"https:\/\/urbanoba.es\/#\/schema\/logo\/image\/","url":"https:\/\/urbanoba.es\/wp-content\/uploads\/2025\/03\/urbanoba-inmobiliaria.jpg","contentUrl":"https:\/\/urbanoba.es\/wp-content\/uploads\/2025\/03\/urbanoba-inmobiliaria.jpg","width":785,"height":831,"caption":"Urbanoba Inmobiliaria"},"image":{"@id":"https:\/\/urbanoba.es\/#\/schema\/logo\/image\/"}}]}},"_links":{"self":[{"href":"https:\/\/urbanoba.es\/en\/wp-json\/wp\/v2\/pages\/190","targetHints":{"allow":["GET"]}}],"collection":[{"href":"https:\/\/urbanoba.es\/en\/wp-json\/wp\/v2\/pages"}],"about":[{"href":"https:\/\/urbanoba.es\/en\/wp-json\/wp\/v2\/types\/page"}],"author":[{"embeddable":true,"href":"https:\/\/urbanoba.es\/en\/wp-json\/wp\/v2\/users\/2"}],"replies":[{"embeddable":true,"href":"https:\/\/urbanoba.es\/en\/wp-json\/wp\/v2\/comments?post=190"}],"version-history":[{"count":16,"href":"https:\/\/urbanoba.es\/en\/wp-json\/wp\/v2\/pages\/190\/revisions"}],"predecessor-version":[{"id":1028,"href":"https:\/\/urbanoba.es\/en\/wp-json\/wp\/v2\/pages\/190\/revisions\/1028"}],"wp:attachment":[{"href":"https:\/\/urbanoba.es\/en\/wp-json\/wp\/v2\/media?parent=190"}],"curies":[{"name":"wp","href":"https:\/\/api.w.org\/{rel}","templated":true}]}}